{"id":1688,"date":"2025-04-25T12:42:48","date_gmt":"2025-04-25T10:42:48","guid":{"rendered":"https:\/\/jlcreations.be\/?post_type=product&#038;p=1688"},"modified":"2025-05-12T01:00:09","modified_gmt":"2025-05-11T23:00:09","slug":"heart-necklace","status":"publish","type":"product","link":"https:\/\/jlcreations.be\/fr\/produit\/heart-necklace\/","title":{"rendered":"Heart Necklace"},"content":{"rendered":"<p>Collier en argent avec un coeur<\/p>\n<p>Un petit moment de douceur pour vous-m\u00eame ou un geste attentionn\u00e9 pour un \u00eatre cher &#8230;<\/p>\n<p>Parfois, il suffit d&#8217;un joli cadeau pour se faire plaisir ou pour faire sourire quelqu&#8217;un qu&#8217;on aime!<\/p>\n","protected":false},"excerpt":{"rendered":"<p>Collier en argent avec un coeur<\/p>\n<p>Un petit moment de douceur pour vous-m\u00eame ou un geste attentionn\u00e9 pour un \u00eatre cher &#8230;<\/p>\n<p>Parfois, il suffit d&#8217;un joli cadeau pour se faire plaisir ou pour faire sourire quelqu&#8217;un qu&#8217;on aime!<\/p>\n","protected":false},"featured_media":1682,"template":"","meta":{"neve_meta_sidebar":"","neve_meta_container":"","neve_meta_enable_content_width":"off","neve_meta_content_width":100,"neve_meta_title_alignment":"","neve_meta_author_avatar":"","neve_post_elements_order":"","neve_meta_disable_header":"","neve_meta_disable_footer":"","neve_meta_disable_title":""},"product_cat":[43],"product_tag":[],"class_list":{"0":"post-1688","1":"product","2":"type-product","3":"status-publish","4":"has-post-thumbnail","6":"product_cat-colliers","8":"first","9":"instock","10":"shipping-taxable","11":"purchasable","12":"product-type-simple"},"yoast_head":"<!-- This site is optimized with the Yoast SEO plugin v24.2 - https:\/\/yoast.com\/wordpress\/plugins\/seo\/ -->\n<title>Heart Necklace - JL creations<\/title>\n<meta name=\"robots\" content=\"index, follow, max-snippet:-1, max-image-preview:large, max-video-preview:-1\" \/>\n<link rel=\"canonical\" href=\"https:\/\/jlcreations.be\/fr\/produit\/heart-necklace\/\" \/>\n<meta property=\"og:locale\" content=\"fr_FR\" \/>\n<meta property=\"og:type\" content=\"article\" \/>\n<meta property=\"og:title\" content=\"Heart Necklace - JL creations\" \/>\n<meta property=\"og:description\" content=\"Collier en argent avec un coeur  Un petit moment de douceur pour vous-m\u00eame ou un geste attentionn\u00e9 pour un \u00eatre cher ...  Parfois, il suffit d&#039;un joli cadeau pour se faire plaisir ou pour faire sourire quelqu&#039;un qu&#039;on aime!\" \/>\n<meta property=\"og:url\" content=\"https:\/\/jlcreations.be\/fr\/produit\/heart-necklace\/\" \/>\n<meta property=\"og:site_name\" content=\"JL creations\" \/>\n<meta property=\"article:publisher\" content=\"https:\/\/m.facebook.com\/JLcreationsBelgium\/\" \/>\n<meta property=\"article:modified_time\" content=\"2025-05-11T23:00:09+00:00\" \/>\n<meta property=\"og:image\" content=\"https:\/\/jlcreations.be\/wp-content\/uploads\/2025\/04\/Heart-necklace-3-768x1024.png\" \/>\n\t<meta property=\"og:image:width\" content=\"768\" \/>\n\t<meta property=\"og:image:height\" content=\"1024\" \/>\n\t<meta property=\"og:image:type\" content=\"image\/png\" \/>\n<meta name=\"twitter:card\" content=\"summary_large_image\" \/>\n<script type=\"application\/ld+json\" class=\"yoast-schema-graph\">{\"@context\":\"https:\/\/schema.org\",\"@graph\":[{\"@type\":\"WebPage\",\"@id\":\"https:\/\/jlcreations.be\/fr\/produit\/heart-necklace\/\",\"url\":\"https:\/\/jlcreations.be\/fr\/produit\/heart-necklace\/\",\"name\":\"Heart Necklace - JL creations\",\"isPartOf\":{\"@id\":\"https:\/\/jlcreations.be\/fr\/#website\"},\"primaryImageOfPage\":{\"@id\":\"https:\/\/jlcreations.be\/fr\/produit\/heart-necklace\/#primaryimage\"},\"image\":{\"@id\":\"https:\/\/jlcreations.be\/fr\/produit\/heart-necklace\/#primaryimage\"},\"thumbnailUrl\":\"https:\/\/jlcreations.be\/wp-content\/uploads\/2025\/04\/Heart-necklace-3.png\",\"datePublished\":\"2025-04-25T10:42:48+00:00\",\"dateModified\":\"2025-05-11T23:00:09+00:00\",\"breadcrumb\":{\"@id\":\"https:\/\/jlcreations.be\/fr\/produit\/heart-necklace\/#breadcrumb\"},\"inLanguage\":\"fr-FR\",\"potentialAction\":[{\"@type\":\"ReadAction\",\"target\":[\"https:\/\/jlcreations.be\/fr\/produit\/heart-necklace\/\"]}]},{\"@type\":\"ImageObject\",\"inLanguage\":\"fr-FR\",\"@id\":\"https:\/\/jlcreations.be\/fr\/produit\/heart-necklace\/#primaryimage\",\"url\":\"https:\/\/jlcreations.be\/wp-content\/uploads\/2025\/04\/Heart-necklace-3.png\",\"contentUrl\":\"https:\/\/jlcreations.be\/wp-content\/uploads\/2025\/04\/Heart-necklace-3.png\",\"width\":3024,\"height\":4032},{\"@type\":\"BreadcrumbList\",\"@id\":\"https:\/\/jlcreations.be\/fr\/produit\/heart-necklace\/#breadcrumb\",\"itemListElement\":[{\"@type\":\"ListItem\",\"position\":1,\"name\":\"Home\",\"item\":\"https:\/\/jlcreations.be\/fr\/\"},{\"@type\":\"ListItem\",\"position\":2,\"name\":\"Collections\",\"item\":\"https:\/\/jlcreations.be\/fr\/collections\/\"},{\"@type\":\"ListItem\",\"position\":3,\"name\":\"Heart Necklace\"}]},{\"@type\":\"WebSite\",\"@id\":\"https:\/\/jlcreations.be\/fr\/#website\",\"url\":\"https:\/\/jlcreations.be\/fr\/\",\"name\":\"JL creations\",\"description\":\"Jewellery Design\",\"publisher\":{\"@id\":\"https:\/\/jlcreations.be\/fr\/#organization\"},\"potentialAction\":[{\"@type\":\"SearchAction\",\"target\":{\"@type\":\"EntryPoint\",\"urlTemplate\":\"https:\/\/jlcreations.be\/fr\/?s={search_term_string}\"},\"query-input\":{\"@type\":\"PropertyValueSpecification\",\"valueRequired\":true,\"valueName\":\"search_term_string\"}}],\"inLanguage\":\"fr-FR\"},{\"@type\":\"Organization\",\"@id\":\"https:\/\/jlcreations.be\/fr\/#organization\",\"name\":\"JL creations\",\"url\":\"https:\/\/jlcreations.be\/fr\/\",\"logo\":{\"@type\":\"ImageObject\",\"inLanguage\":\"fr-FR\",\"@id\":\"https:\/\/jlcreations.be\/fr\/#\/schema\/logo\/image\/\",\"url\":\"https:\/\/jlcreations.be\/wp-content\/uploads\/2019\/12\/Logo-JLcreations-light-3-e1575573488450.jpg\",\"contentUrl\":\"https:\/\/jlcreations.be\/wp-content\/uploads\/2019\/12\/Logo-JLcreations-light-3-e1575573488450.jpg\",\"width\":150,\"height\":150,\"caption\":\"JL creations\"},\"image\":{\"@id\":\"https:\/\/jlcreations.be\/fr\/#\/schema\/logo\/image\/\"},\"sameAs\":[\"https:\/\/m.facebook.com\/JLcreationsBelgium\/\",\"https:\/\/www.instagram.com\/jl_creation_s\/\"]}]}<\/script>\n<!-- \/ Yoast SEO plugin. -->","yoast_head_json":{"title":"Heart Necklace - JL creations","robots":{"index":"index","follow":"follow","max-snippet":"max-snippet:-1","max-image-preview":"max-image-preview:large","max-video-preview":"max-video-preview:-1"},"canonical":"https:\/\/jlcreations.be\/fr\/produit\/heart-necklace\/","og_locale":"fr_FR","og_type":"article","og_title":"Heart Necklace - JL creations","og_description":"Collier en argent avec un coeur  Un petit moment de douceur pour vous-m\u00eame ou un geste attentionn\u00e9 pour un \u00eatre cher ...  Parfois, il suffit d'un joli cadeau pour se faire plaisir ou pour faire sourire quelqu'un qu'on aime!","og_url":"https:\/\/jlcreations.be\/fr\/produit\/heart-necklace\/","og_site_name":"JL creations","article_publisher":"https:\/\/m.facebook.com\/JLcreationsBelgium\/","article_modified_time":"2025-05-11T23:00:09+00:00","og_image":[{"width":768,"height":1024,"url":"https:\/\/jlcreations.be\/wp-content\/uploads\/2025\/04\/Heart-necklace-3-768x1024.png","type":"image\/png"}],"twitter_card":"summary_large_image","schema":{"@context":"https:\/\/schema.org","@graph":[{"@type":"WebPage","@id":"https:\/\/jlcreations.be\/fr\/produit\/heart-necklace\/","url":"https:\/\/jlcreations.be\/fr\/produit\/heart-necklace\/","name":"Heart Necklace - JL creations","isPartOf":{"@id":"https:\/\/jlcreations.be\/fr\/#website"},"primaryImageOfPage":{"@id":"https:\/\/jlcreations.be\/fr\/produit\/heart-necklace\/#primaryimage"},"image":{"@id":"https:\/\/jlcreations.be\/fr\/produit\/heart-necklace\/#primaryimage"},"thumbnailUrl":"https:\/\/jlcreations.be\/wp-content\/uploads\/2025\/04\/Heart-necklace-3.png","datePublished":"2025-04-25T10:42:48+00:00","dateModified":"2025-05-11T23:00:09+00:00","breadcrumb":{"@id":"https:\/\/jlcreations.be\/fr\/produit\/heart-necklace\/#breadcrumb"},"inLanguage":"fr-FR","potentialAction":[{"@type":"ReadAction","target":["https:\/\/jlcreations.be\/fr\/produit\/heart-necklace\/"]}]},{"@type":"ImageObject","inLanguage":"fr-FR","@id":"https:\/\/jlcreations.be\/fr\/produit\/heart-necklace\/#primaryimage","url":"https:\/\/jlcreations.be\/wp-content\/uploads\/2025\/04\/Heart-necklace-3.png","contentUrl":"https:\/\/jlcreations.be\/wp-content\/uploads\/2025\/04\/Heart-necklace-3.png","width":3024,"height":4032},{"@type":"BreadcrumbList","@id":"https:\/\/jlcreations.be\/fr\/produit\/heart-necklace\/#breadcrumb","itemListElement":[{"@type":"ListItem","position":1,"name":"Home","item":"https:\/\/jlcreations.be\/fr\/"},{"@type":"ListItem","position":2,"name":"Collections","item":"https:\/\/jlcreations.be\/fr\/collections\/"},{"@type":"ListItem","position":3,"name":"Heart Necklace"}]},{"@type":"WebSite","@id":"https:\/\/jlcreations.be\/fr\/#website","url":"https:\/\/jlcreations.be\/fr\/","name":"JL creations","description":"Jewellery Design","publisher":{"@id":"https:\/\/jlcreations.be\/fr\/#organization"},"potentialAction":[{"@type":"SearchAction","target":{"@type":"EntryPoint","urlTemplate":"https:\/\/jlcreations.be\/fr\/?s={search_term_string}"},"query-input":{"@type":"PropertyValueSpecification","valueRequired":true,"valueName":"search_term_string"}}],"inLanguage":"fr-FR"},{"@type":"Organization","@id":"https:\/\/jlcreations.be\/fr\/#organization","name":"JL creations","url":"https:\/\/jlcreations.be\/fr\/","logo":{"@type":"ImageObject","inLanguage":"fr-FR","@id":"https:\/\/jlcreations.be\/fr\/#\/schema\/logo\/image\/","url":"https:\/\/jlcreations.be\/wp-content\/uploads\/2019\/12\/Logo-JLcreations-light-3-e1575573488450.jpg","contentUrl":"https:\/\/jlcreations.be\/wp-content\/uploads\/2019\/12\/Logo-JLcreations-light-3-e1575573488450.jpg","width":150,"height":150,"caption":"JL creations"},"image":{"@id":"https:\/\/jlcreations.be\/fr\/#\/schema\/logo\/image\/"},"sameAs":["https:\/\/m.facebook.com\/JLcreationsBelgium\/","https:\/\/www.instagram.com\/jl_creation_s\/"]}]}},"_links":{"self":[{"href":"https:\/\/jlcreations.be\/fr\/wp-json\/wp\/v2\/product\/1688","targetHints":{"allow":["GET"]}}],"collection":[{"href":"https:\/\/jlcreations.be\/fr\/wp-json\/wp\/v2\/product"}],"about":[{"href":"https:\/\/jlcreations.be\/fr\/wp-json\/wp\/v2\/types\/product"}],"wp:featuredmedia":[{"embeddable":true,"href":"https:\/\/jlcreations.be\/fr\/wp-json\/wp\/v2\/media\/1682"}],"wp:attachment":[{"href":"https:\/\/jlcreations.be\/fr\/wp-json\/wp\/v2\/media?parent=1688"}],"wp:term":[{"taxonomy":"product_cat","embeddable":true,"href":"https:\/\/jlcreations.be\/fr\/wp-json\/wp\/v2\/product_cat?post=1688"},{"taxonomy":"product_tag","embeddable":true,"href":"https:\/\/jlcreations.be\/fr\/wp-json\/wp\/v2\/product_tag?post=1688"}],"curies":[{"name":"wp","href":"https:\/\/api.w.org\/{rel}","templated":true}]}}