{"id":1672,"date":"2025-01-31T19:50:49","date_gmt":"2025-01-31T19:18:28","guid":{"rendered":"https:\/\/jlcreations.be\/?post_type=product&#038;p=1672"},"modified":"2025-01-31T20:25:49","modified_gmt":"2025-01-31T19:25:49","slug":"love-trio-collier","status":"publish","type":"product","link":"https:\/\/jlcreations.be\/fr\/produit\/love-trio-collier\/","title":{"rendered":"Love Trio Collier"},"content":{"rendered":"<p><strong>Love Trio<\/strong>: Bijou, bouquet &amp; douceurs pour faire fondre son coeur!<\/p>\n<ul>\n<li><strong>Collier<\/strong> coeur en argent fait main \u00a0(longueur 45 cm, le coeur fait environ 1 cm x 1 cm)<\/li>\n<li>Bouquet de fleurs dans les tons rouges et roses de Filom\u00e8ne Floral Atelier <a href=\"https:\/\/www.instagram.com\/filomene_floral_atelier\/\">https:\/\/www.instagram.com\/filomene_floral_atelier\/<\/a><\/li>\n<li>Sachet avec 2 d\u00e9licieux biscuits en forme de coeur de chez Antje Snoep \u00a0<a href=\"http:\/\/www.antje-retro.be\">www.antje-retro.be<\/a><\/li>\n<\/ul>\n<p>Jusqu&#8217;\u00e0 \u00e9puisement des stocks! Ne tardez pas \u00e0 passer commande!<\/p>\n<p>Uniquement sur enl\u00e8vement \u00e0 Grimbergen! Pas d&#8217;envoi possible!<\/p>\n","protected":false},"excerpt":{"rendered":"<p><strong>Love Trio<\/strong>: Bijou, bouquet &amp; douceurs pour faire fondre son coeur!<\/p>\n<ul>\n<li><strong>Collier<\/strong> coeur en argent fait main \u00a0(longueur 45 cm, le coeur fait environ 1 cm x 1 cm)<\/li>\n<li>Bouquet de fleurs dans les tons rouges et roses de Filom\u00e8ne Floral Atelier <a href=\"https:\/\/www.instagram.com\/filomene_floral_atelier\/\">https:\/\/www.instagram.com\/filomene_floral_atelier\/<\/a><\/li>\n<li>Sachet avec 2 d\u00e9licieux biscuits en forme de coeur de chez Antje Snoep \u00a0<a href=\"http:\/\/www.antje-retro.be\">www.antje-retro.be<\/a><\/li>\n<\/ul>\n<p>Jusqu&#8217;\u00e0 \u00e9puisement des stocks! Ne tardez pas \u00e0 passer commande!<\/p>\n<p>Uniquement sur enl\u00e8vement \u00e0 Grimbergen! Pas d&#8217;envoi possible!<\/p>\n","protected":false},"featured_media":1661,"template":"","meta":{"neve_meta_sidebar":"","neve_meta_container":"","neve_meta_enable_content_width":"off","neve_meta_content_width":100,"neve_meta_title_alignment":"","neve_meta_author_avatar":"","neve_post_elements_order":"","neve_meta_disable_header":"","neve_meta_disable_footer":"","neve_meta_disable_title":""},"product_cat":[43,85],"product_tag":[],"class_list":{"0":"post-1672","1":"product","2":"type-product","3":"status-publish","4":"has-post-thumbnail","6":"product_cat-colliers","7":"product_cat-love-trio-fr","9":"first","10":"instock","11":"shipping-taxable","12":"purchasable","13":"product-type-simple"},"yoast_head":"<!-- This site is optimized with the Yoast SEO plugin v24.2 - https:\/\/yoast.com\/wordpress\/plugins\/seo\/ -->\n<title>Love Trio Collier - JL creations<\/title>\n<meta name=\"robots\" content=\"index, follow, max-snippet:-1, max-image-preview:large, max-video-preview:-1\" \/>\n<link rel=\"canonical\" href=\"https:\/\/jlcreations.be\/fr\/produit\/love-trio-collier\/\" \/>\n<meta property=\"og:locale\" content=\"fr_FR\" \/>\n<meta property=\"og:type\" content=\"article\" \/>\n<meta property=\"og:title\" content=\"Love Trio Collier - JL creations\" \/>\n<meta property=\"og:description\" content=\"Love Trio: Bijou, bouquet &amp; douceurs pour faire fondre son coeur!   Collier coeur en argent fait main \u00a0(longueur 45 cm, le coeur fait environ 1 cm x 1 cm)  Bouquet de fleurs dans les tons rouges et roses de Filom\u00e8ne Floral Atelier https:\/\/www.instagram.com\/filomene_floral_atelier\/  Sachet avec 2 d\u00e9licieux biscuits en forme de coeur de chez Antje Snoep \u00a0www.antje-retro.be  Jusqu&#039;\u00e0 \u00e9puisement des stocks! Ne tardez pas \u00e0 passer commande!  Uniquement sur enl\u00e8vement \u00e0 Grimbergen! Pas d&#039;envoi possible!\" \/>\n<meta property=\"og:url\" content=\"https:\/\/jlcreations.be\/fr\/produit\/love-trio-collier\/\" \/>\n<meta property=\"og:site_name\" content=\"JL creations\" \/>\n<meta property=\"article:publisher\" content=\"https:\/\/m.facebook.com\/JLcreationsBelgium\/\" \/>\n<meta property=\"article:modified_time\" content=\"2025-01-31T19:25:49+00:00\" \/>\n<meta property=\"og:image\" content=\"https:\/\/jlcreations.be\/wp-content\/uploads\/2025\/01\/Ketting-25-4.jpg\" \/>\n\t<meta property=\"og:image:width\" content=\"1200\" \/>\n\t<meta property=\"og:image:height\" content=\"1600\" \/>\n\t<meta property=\"og:image:type\" content=\"image\/jpeg\" \/>\n<meta name=\"twitter:card\" content=\"summary_large_image\" \/>\n<script type=\"application\/ld+json\" class=\"yoast-schema-graph\">{\"@context\":\"https:\/\/schema.org\",\"@graph\":[{\"@type\":\"WebPage\",\"@id\":\"https:\/\/jlcreations.be\/fr\/produit\/love-trio-collier\/\",\"url\":\"https:\/\/jlcreations.be\/fr\/produit\/love-trio-collier\/\",\"name\":\"Love Trio Collier - JL creations\",\"isPartOf\":{\"@id\":\"https:\/\/jlcreations.be\/fr\/#website\"},\"primaryImageOfPage\":{\"@id\":\"https:\/\/jlcreations.be\/fr\/produit\/love-trio-collier\/#primaryimage\"},\"image\":{\"@id\":\"https:\/\/jlcreations.be\/fr\/produit\/love-trio-collier\/#primaryimage\"},\"thumbnailUrl\":\"https:\/\/jlcreations.be\/wp-content\/uploads\/2025\/01\/Ketting-25-4.jpg\",\"datePublished\":\"2025-01-31T19:18:28+00:00\",\"dateModified\":\"2025-01-31T19:25:49+00:00\",\"breadcrumb\":{\"@id\":\"https:\/\/jlcreations.be\/fr\/produit\/love-trio-collier\/#breadcrumb\"},\"inLanguage\":\"fr-FR\",\"potentialAction\":[{\"@type\":\"ReadAction\",\"target\":[\"https:\/\/jlcreations.be\/fr\/produit\/love-trio-collier\/\"]}]},{\"@type\":\"ImageObject\",\"inLanguage\":\"fr-FR\",\"@id\":\"https:\/\/jlcreations.be\/fr\/produit\/love-trio-collier\/#primaryimage\",\"url\":\"https:\/\/jlcreations.be\/wp-content\/uploads\/2025\/01\/Ketting-25-4.jpg\",\"contentUrl\":\"https:\/\/jlcreations.be\/wp-content\/uploads\/2025\/01\/Ketting-25-4.jpg\",\"width\":1200,\"height\":1600},{\"@type\":\"BreadcrumbList\",\"@id\":\"https:\/\/jlcreations.be\/fr\/produit\/love-trio-collier\/#breadcrumb\",\"itemListElement\":[{\"@type\":\"ListItem\",\"position\":1,\"name\":\"Home\",\"item\":\"https:\/\/jlcreations.be\/fr\/\"},{\"@type\":\"ListItem\",\"position\":2,\"name\":\"Collections\",\"item\":\"https:\/\/jlcreations.be\/fr\/collections\/\"},{\"@type\":\"ListItem\",\"position\":3,\"name\":\"Love Trio Collier\"}]},{\"@type\":\"WebSite\",\"@id\":\"https:\/\/jlcreations.be\/fr\/#website\",\"url\":\"https:\/\/jlcreations.be\/fr\/\",\"name\":\"JL creations\",\"description\":\"Jewellery Design\",\"publisher\":{\"@id\":\"https:\/\/jlcreations.be\/fr\/#organization\"},\"potentialAction\":[{\"@type\":\"SearchAction\",\"target\":{\"@type\":\"EntryPoint\",\"urlTemplate\":\"https:\/\/jlcreations.be\/fr\/?s={search_term_string}\"},\"query-input\":{\"@type\":\"PropertyValueSpecification\",\"valueRequired\":true,\"valueName\":\"search_term_string\"}}],\"inLanguage\":\"fr-FR\"},{\"@type\":\"Organization\",\"@id\":\"https:\/\/jlcreations.be\/fr\/#organization\",\"name\":\"JL creations\",\"url\":\"https:\/\/jlcreations.be\/fr\/\",\"logo\":{\"@type\":\"ImageObject\",\"inLanguage\":\"fr-FR\",\"@id\":\"https:\/\/jlcreations.be\/fr\/#\/schema\/logo\/image\/\",\"url\":\"https:\/\/jlcreations.be\/wp-content\/uploads\/2019\/12\/Logo-JLcreations-light-3-e1575573488450.jpg\",\"contentUrl\":\"https:\/\/jlcreations.be\/wp-content\/uploads\/2019\/12\/Logo-JLcreations-light-3-e1575573488450.jpg\",\"width\":150,\"height\":150,\"caption\":\"JL creations\"},\"image\":{\"@id\":\"https:\/\/jlcreations.be\/fr\/#\/schema\/logo\/image\/\"},\"sameAs\":[\"https:\/\/m.facebook.com\/JLcreationsBelgium\/\",\"https:\/\/www.instagram.com\/jl_creation_s\/\"]}]}<\/script>\n<!-- \/ Yoast SEO plugin. -->","yoast_head_json":{"title":"Love Trio Collier - JL creations","robots":{"index":"index","follow":"follow","max-snippet":"max-snippet:-1","max-image-preview":"max-image-preview:large","max-video-preview":"max-video-preview:-1"},"canonical":"https:\/\/jlcreations.be\/fr\/produit\/love-trio-collier\/","og_locale":"fr_FR","og_type":"article","og_title":"Love Trio Collier - JL creations","og_description":"Love Trio: Bijou, bouquet &amp; douceurs pour faire fondre son coeur!   Collier coeur en argent fait main \u00a0(longueur 45 cm, le coeur fait environ 1 cm x 1 cm)  Bouquet de fleurs dans les tons rouges et roses de Filom\u00e8ne Floral Atelier https:\/\/www.instagram.com\/filomene_floral_atelier\/  Sachet avec 2 d\u00e9licieux biscuits en forme de coeur de chez Antje Snoep \u00a0www.antje-retro.be  Jusqu'\u00e0 \u00e9puisement des stocks! Ne tardez pas \u00e0 passer commande!  Uniquement sur enl\u00e8vement \u00e0 Grimbergen! Pas d'envoi possible!","og_url":"https:\/\/jlcreations.be\/fr\/produit\/love-trio-collier\/","og_site_name":"JL creations","article_publisher":"https:\/\/m.facebook.com\/JLcreationsBelgium\/","article_modified_time":"2025-01-31T19:25:49+00:00","og_image":[{"width":1200,"height":1600,"url":"https:\/\/jlcreations.be\/wp-content\/uploads\/2025\/01\/Ketting-25-4.jpg","type":"image\/jpeg"}],"twitter_card":"summary_large_image","schema":{"@context":"https:\/\/schema.org","@graph":[{"@type":"WebPage","@id":"https:\/\/jlcreations.be\/fr\/produit\/love-trio-collier\/","url":"https:\/\/jlcreations.be\/fr\/produit\/love-trio-collier\/","name":"Love Trio Collier - JL creations","isPartOf":{"@id":"https:\/\/jlcreations.be\/fr\/#website"},"primaryImageOfPage":{"@id":"https:\/\/jlcreations.be\/fr\/produit\/love-trio-collier\/#primaryimage"},"image":{"@id":"https:\/\/jlcreations.be\/fr\/produit\/love-trio-collier\/#primaryimage"},"thumbnailUrl":"https:\/\/jlcreations.be\/wp-content\/uploads\/2025\/01\/Ketting-25-4.jpg","datePublished":"2025-01-31T19:18:28+00:00","dateModified":"2025-01-31T19:25:49+00:00","breadcrumb":{"@id":"https:\/\/jlcreations.be\/fr\/produit\/love-trio-collier\/#breadcrumb"},"inLanguage":"fr-FR","potentialAction":[{"@type":"ReadAction","target":["https:\/\/jlcreations.be\/fr\/produit\/love-trio-collier\/"]}]},{"@type":"ImageObject","inLanguage":"fr-FR","@id":"https:\/\/jlcreations.be\/fr\/produit\/love-trio-collier\/#primaryimage","url":"https:\/\/jlcreations.be\/wp-content\/uploads\/2025\/01\/Ketting-25-4.jpg","contentUrl":"https:\/\/jlcreations.be\/wp-content\/uploads\/2025\/01\/Ketting-25-4.jpg","width":1200,"height":1600},{"@type":"BreadcrumbList","@id":"https:\/\/jlcreations.be\/fr\/produit\/love-trio-collier\/#breadcrumb","itemListElement":[{"@type":"ListItem","position":1,"name":"Home","item":"https:\/\/jlcreations.be\/fr\/"},{"@type":"ListItem","position":2,"name":"Collections","item":"https:\/\/jlcreations.be\/fr\/collections\/"},{"@type":"ListItem","position":3,"name":"Love Trio Collier"}]},{"@type":"WebSite","@id":"https:\/\/jlcreations.be\/fr\/#website","url":"https:\/\/jlcreations.be\/fr\/","name":"JL creations","description":"Jewellery Design","publisher":{"@id":"https:\/\/jlcreations.be\/fr\/#organization"},"potentialAction":[{"@type":"SearchAction","target":{"@type":"EntryPoint","urlTemplate":"https:\/\/jlcreations.be\/fr\/?s={search_term_string}"},"query-input":{"@type":"PropertyValueSpecification","valueRequired":true,"valueName":"search_term_string"}}],"inLanguage":"fr-FR"},{"@type":"Organization","@id":"https:\/\/jlcreations.be\/fr\/#organization","name":"JL creations","url":"https:\/\/jlcreations.be\/fr\/","logo":{"@type":"ImageObject","inLanguage":"fr-FR","@id":"https:\/\/jlcreations.be\/fr\/#\/schema\/logo\/image\/","url":"https:\/\/jlcreations.be\/wp-content\/uploads\/2019\/12\/Logo-JLcreations-light-3-e1575573488450.jpg","contentUrl":"https:\/\/jlcreations.be\/wp-content\/uploads\/2019\/12\/Logo-JLcreations-light-3-e1575573488450.jpg","width":150,"height":150,"caption":"JL creations"},"image":{"@id":"https:\/\/jlcreations.be\/fr\/#\/schema\/logo\/image\/"},"sameAs":["https:\/\/m.facebook.com\/JLcreationsBelgium\/","https:\/\/www.instagram.com\/jl_creation_s\/"]}]}},"_links":{"self":[{"href":"https:\/\/jlcreations.be\/fr\/wp-json\/wp\/v2\/product\/1672","targetHints":{"allow":["GET"]}}],"collection":[{"href":"https:\/\/jlcreations.be\/fr\/wp-json\/wp\/v2\/product"}],"about":[{"href":"https:\/\/jlcreations.be\/fr\/wp-json\/wp\/v2\/types\/product"}],"wp:featuredmedia":[{"embeddable":true,"href":"https:\/\/jlcreations.be\/fr\/wp-json\/wp\/v2\/media\/1661"}],"wp:attachment":[{"href":"https:\/\/jlcreations.be\/fr\/wp-json\/wp\/v2\/media?parent=1672"}],"wp:term":[{"taxonomy":"product_cat","embeddable":true,"href":"https:\/\/jlcreations.be\/fr\/wp-json\/wp\/v2\/product_cat?post=1672"},{"taxonomy":"product_tag","embeddable":true,"href":"https:\/\/jlcreations.be\/fr\/wp-json\/wp\/v2\/product_tag?post=1672"}],"curies":[{"name":"wp","href":"https:\/\/api.w.org\/{rel}","templated":true}]}}