{"id":1263,"date":"2021-03-17T16:10:19","date_gmt":"2021-03-17T15:10:19","guid":{"rendered":"https:\/\/jlcreations.be\/product\/boucles-doreilles-anneau-en-fil-perle\/"},"modified":"2021-03-17T16:10:19","modified_gmt":"2021-03-17T15:10:19","slug":"boucles-doreilles-anneau-en-fil-perle","status":"publish","type":"product","link":"https:\/\/jlcreations.be\/fr\/produit\/boucles-doreilles-anneau-en-fil-perle\/","title":{"rendered":"Boucles d&#8217;oreilles anneau en fil perl\u00e9"},"content":{"rendered":"","protected":false},"excerpt":{"rendered":"<p>Boucles d&#8217;oreilles fabriqu\u00e9es en fil perl\u00e9 d&#8217;argent<\/p>\n<p>La longueur est d&#8217;environ 3 cm<\/p>\n","protected":false},"featured_media":1093,"template":"","meta":{"neve_meta_sidebar":"","neve_meta_container":"","neve_meta_enable_content_width":"off","neve_meta_content_width":0,"neve_meta_title_alignment":"","neve_meta_author_avatar":"","neve_post_elements_order":"","neve_meta_disable_header":"","neve_meta_disable_footer":"","neve_meta_disable_title":""},"product_cat":[44],"product_tag":[],"class_list":{"0":"post-1263","1":"product","2":"type-product","3":"status-publish","4":"has-post-thumbnail","6":"product_cat-boucles-doreilles","8":"first","9":"instock","10":"shipping-taxable","11":"purchasable","12":"product-type-simple"},"yoast_head":"<!-- This site is optimized with the Yoast SEO plugin v24.2 - https:\/\/yoast.com\/wordpress\/plugins\/seo\/ -->\n<title>Boucles d&#039;oreilles anneau en fil perl\u00e9 - JL creations<\/title>\n<meta name=\"robots\" content=\"index, follow, max-snippet:-1, max-image-preview:large, max-video-preview:-1\" \/>\n<link rel=\"canonical\" href=\"https:\/\/jlcreations.be\/fr\/produit\/boucles-doreilles-anneau-en-fil-perle\/\" \/>\n<meta property=\"og:locale\" content=\"fr_FR\" \/>\n<meta property=\"og:type\" content=\"article\" \/>\n<meta property=\"og:title\" content=\"Boucles d&#039;oreilles anneau en fil perl\u00e9 - JL creations\" \/>\n<meta property=\"og:description\" content=\"Boucles d&#039;oreilles fabriqu\u00e9es en fil perl\u00e9 d&#039;argent  La longueur est d&#039;environ 3 cm\" \/>\n<meta property=\"og:url\" content=\"https:\/\/jlcreations.be\/fr\/produit\/boucles-doreilles-anneau-en-fil-perle\/\" \/>\n<meta property=\"og:site_name\" content=\"JL creations\" \/>\n<meta property=\"article:publisher\" content=\"https:\/\/m.facebook.com\/JLcreationsBelgium\/\" \/>\n<meta property=\"og:image\" content=\"https:\/\/jlcreations.be\/wp-content\/uploads\/2021\/03\/oorbel-enkele-ring-pareldraad-scaled.jpg\" \/>\n\t<meta property=\"og:image:width\" content=\"900\" \/>\n\t<meta property=\"og:image:height\" content=\"1200\" \/>\n\t<meta property=\"og:image:type\" content=\"image\/jpeg\" \/>\n<meta name=\"twitter:card\" content=\"summary_large_image\" \/>\n<script type=\"application\/ld+json\" class=\"yoast-schema-graph\">{\"@context\":\"https:\/\/schema.org\",\"@graph\":[{\"@type\":\"WebPage\",\"@id\":\"https:\/\/jlcreations.be\/fr\/produit\/boucles-doreilles-anneau-en-fil-perle\/\",\"url\":\"https:\/\/jlcreations.be\/fr\/produit\/boucles-doreilles-anneau-en-fil-perle\/\",\"name\":\"Boucles d'oreilles anneau en fil perl\u00e9 - JL creations\",\"isPartOf\":{\"@id\":\"https:\/\/jlcreations.be\/fr\/#website\"},\"primaryImageOfPage\":{\"@id\":\"https:\/\/jlcreations.be\/fr\/produit\/boucles-doreilles-anneau-en-fil-perle\/#primaryimage\"},\"image\":{\"@id\":\"https:\/\/jlcreations.be\/fr\/produit\/boucles-doreilles-anneau-en-fil-perle\/#primaryimage\"},\"thumbnailUrl\":\"https:\/\/jlcreations.be\/wp-content\/uploads\/2021\/03\/oorbel-enkele-ring-pareldraad-scaled.jpg\",\"datePublished\":\"2021-03-17T15:10:19+00:00\",\"dateModified\":\"2021-03-17T15:10:19+00:00\",\"breadcrumb\":{\"@id\":\"https:\/\/jlcreations.be\/fr\/produit\/boucles-doreilles-anneau-en-fil-perle\/#breadcrumb\"},\"inLanguage\":\"fr-FR\",\"potentialAction\":[{\"@type\":\"ReadAction\",\"target\":[\"https:\/\/jlcreations.be\/fr\/produit\/boucles-doreilles-anneau-en-fil-perle\/\"]}]},{\"@type\":\"ImageObject\",\"inLanguage\":\"fr-FR\",\"@id\":\"https:\/\/jlcreations.be\/fr\/produit\/boucles-doreilles-anneau-en-fil-perle\/#primaryimage\",\"url\":\"https:\/\/jlcreations.be\/wp-content\/uploads\/2021\/03\/oorbel-enkele-ring-pareldraad-scaled.jpg\",\"contentUrl\":\"https:\/\/jlcreations.be\/wp-content\/uploads\/2021\/03\/oorbel-enkele-ring-pareldraad-scaled.jpg\",\"width\":900,\"height\":1200,\"caption\":\"Oorbel Enkele ring pareldraad\"},{\"@type\":\"BreadcrumbList\",\"@id\":\"https:\/\/jlcreations.be\/fr\/produit\/boucles-doreilles-anneau-en-fil-perle\/#breadcrumb\",\"itemListElement\":[{\"@type\":\"ListItem\",\"position\":1,\"name\":\"Home\",\"item\":\"https:\/\/jlcreations.be\/fr\/\"},{\"@type\":\"ListItem\",\"position\":2,\"name\":\"Collections\",\"item\":\"https:\/\/jlcreations.be\/fr\/collections\/\"},{\"@type\":\"ListItem\",\"position\":3,\"name\":\"Boucles d&#8217;oreilles anneau en fil perl\u00e9\"}]},{\"@type\":\"WebSite\",\"@id\":\"https:\/\/jlcreations.be\/fr\/#website\",\"url\":\"https:\/\/jlcreations.be\/fr\/\",\"name\":\"JL creations\",\"description\":\"Jewellery Design\",\"publisher\":{\"@id\":\"https:\/\/jlcreations.be\/fr\/#organization\"},\"potentialAction\":[{\"@type\":\"SearchAction\",\"target\":{\"@type\":\"EntryPoint\",\"urlTemplate\":\"https:\/\/jlcreations.be\/fr\/?s={search_term_string}\"},\"query-input\":{\"@type\":\"PropertyValueSpecification\",\"valueRequired\":true,\"valueName\":\"search_term_string\"}}],\"inLanguage\":\"fr-FR\"},{\"@type\":\"Organization\",\"@id\":\"https:\/\/jlcreations.be\/fr\/#organization\",\"name\":\"JL creations\",\"url\":\"https:\/\/jlcreations.be\/fr\/\",\"logo\":{\"@type\":\"ImageObject\",\"inLanguage\":\"fr-FR\",\"@id\":\"https:\/\/jlcreations.be\/fr\/#\/schema\/logo\/image\/\",\"url\":\"https:\/\/jlcreations.be\/wp-content\/uploads\/2019\/12\/Logo-JLcreations-light-3-e1575573488450.jpg\",\"contentUrl\":\"https:\/\/jlcreations.be\/wp-content\/uploads\/2019\/12\/Logo-JLcreations-light-3-e1575573488450.jpg\",\"width\":150,\"height\":150,\"caption\":\"JL creations\"},\"image\":{\"@id\":\"https:\/\/jlcreations.be\/fr\/#\/schema\/logo\/image\/\"},\"sameAs\":[\"https:\/\/m.facebook.com\/JLcreationsBelgium\/\",\"https:\/\/www.instagram.com\/jl_creation_s\/\"]}]}<\/script>\n<!-- \/ Yoast SEO plugin. -->","yoast_head_json":{"title":"Boucles d'oreilles anneau en fil perl\u00e9 - JL creations","robots":{"index":"index","follow":"follow","max-snippet":"max-snippet:-1","max-image-preview":"max-image-preview:large","max-video-preview":"max-video-preview:-1"},"canonical":"https:\/\/jlcreations.be\/fr\/produit\/boucles-doreilles-anneau-en-fil-perle\/","og_locale":"fr_FR","og_type":"article","og_title":"Boucles d'oreilles anneau en fil perl\u00e9 - JL creations","og_description":"Boucles d'oreilles fabriqu\u00e9es en fil perl\u00e9 d'argent  La longueur est d'environ 3 cm","og_url":"https:\/\/jlcreations.be\/fr\/produit\/boucles-doreilles-anneau-en-fil-perle\/","og_site_name":"JL creations","article_publisher":"https:\/\/m.facebook.com\/JLcreationsBelgium\/","og_image":[{"width":900,"height":1200,"url":"https:\/\/jlcreations.be\/wp-content\/uploads\/2021\/03\/oorbel-enkele-ring-pareldraad-scaled.jpg","type":"image\/jpeg"}],"twitter_card":"summary_large_image","schema":{"@context":"https:\/\/schema.org","@graph":[{"@type":"WebPage","@id":"https:\/\/jlcreations.be\/fr\/produit\/boucles-doreilles-anneau-en-fil-perle\/","url":"https:\/\/jlcreations.be\/fr\/produit\/boucles-doreilles-anneau-en-fil-perle\/","name":"Boucles d'oreilles anneau en fil perl\u00e9 - JL creations","isPartOf":{"@id":"https:\/\/jlcreations.be\/fr\/#website"},"primaryImageOfPage":{"@id":"https:\/\/jlcreations.be\/fr\/produit\/boucles-doreilles-anneau-en-fil-perle\/#primaryimage"},"image":{"@id":"https:\/\/jlcreations.be\/fr\/produit\/boucles-doreilles-anneau-en-fil-perle\/#primaryimage"},"thumbnailUrl":"https:\/\/jlcreations.be\/wp-content\/uploads\/2021\/03\/oorbel-enkele-ring-pareldraad-scaled.jpg","datePublished":"2021-03-17T15:10:19+00:00","dateModified":"2021-03-17T15:10:19+00:00","breadcrumb":{"@id":"https:\/\/jlcreations.be\/fr\/produit\/boucles-doreilles-anneau-en-fil-perle\/#breadcrumb"},"inLanguage":"fr-FR","potentialAction":[{"@type":"ReadAction","target":["https:\/\/jlcreations.be\/fr\/produit\/boucles-doreilles-anneau-en-fil-perle\/"]}]},{"@type":"ImageObject","inLanguage":"fr-FR","@id":"https:\/\/jlcreations.be\/fr\/produit\/boucles-doreilles-anneau-en-fil-perle\/#primaryimage","url":"https:\/\/jlcreations.be\/wp-content\/uploads\/2021\/03\/oorbel-enkele-ring-pareldraad-scaled.jpg","contentUrl":"https:\/\/jlcreations.be\/wp-content\/uploads\/2021\/03\/oorbel-enkele-ring-pareldraad-scaled.jpg","width":900,"height":1200,"caption":"Oorbel Enkele ring pareldraad"},{"@type":"BreadcrumbList","@id":"https:\/\/jlcreations.be\/fr\/produit\/boucles-doreilles-anneau-en-fil-perle\/#breadcrumb","itemListElement":[{"@type":"ListItem","position":1,"name":"Home","item":"https:\/\/jlcreations.be\/fr\/"},{"@type":"ListItem","position":2,"name":"Collections","item":"https:\/\/jlcreations.be\/fr\/collections\/"},{"@type":"ListItem","position":3,"name":"Boucles d&#8217;oreilles anneau en fil perl\u00e9"}]},{"@type":"WebSite","@id":"https:\/\/jlcreations.be\/fr\/#website","url":"https:\/\/jlcreations.be\/fr\/","name":"JL creations","description":"Jewellery Design","publisher":{"@id":"https:\/\/jlcreations.be\/fr\/#organization"},"potentialAction":[{"@type":"SearchAction","target":{"@type":"EntryPoint","urlTemplate":"https:\/\/jlcreations.be\/fr\/?s={search_term_string}"},"query-input":{"@type":"PropertyValueSpecification","valueRequired":true,"valueName":"search_term_string"}}],"inLanguage":"fr-FR"},{"@type":"Organization","@id":"https:\/\/jlcreations.be\/fr\/#organization","name":"JL creations","url":"https:\/\/jlcreations.be\/fr\/","logo":{"@type":"ImageObject","inLanguage":"fr-FR","@id":"https:\/\/jlcreations.be\/fr\/#\/schema\/logo\/image\/","url":"https:\/\/jlcreations.be\/wp-content\/uploads\/2019\/12\/Logo-JLcreations-light-3-e1575573488450.jpg","contentUrl":"https:\/\/jlcreations.be\/wp-content\/uploads\/2019\/12\/Logo-JLcreations-light-3-e1575573488450.jpg","width":150,"height":150,"caption":"JL creations"},"image":{"@id":"https:\/\/jlcreations.be\/fr\/#\/schema\/logo\/image\/"},"sameAs":["https:\/\/m.facebook.com\/JLcreationsBelgium\/","https:\/\/www.instagram.com\/jl_creation_s\/"]}]}},"_links":{"self":[{"href":"https:\/\/jlcreations.be\/fr\/wp-json\/wp\/v2\/product\/1263","targetHints":{"allow":["GET"]}}],"collection":[{"href":"https:\/\/jlcreations.be\/fr\/wp-json\/wp\/v2\/product"}],"about":[{"href":"https:\/\/jlcreations.be\/fr\/wp-json\/wp\/v2\/types\/product"}],"wp:featuredmedia":[{"embeddable":true,"href":"https:\/\/jlcreations.be\/fr\/wp-json\/wp\/v2\/media\/1093"}],"wp:attachment":[{"href":"https:\/\/jlcreations.be\/fr\/wp-json\/wp\/v2\/media?parent=1263"}],"wp:term":[{"taxonomy":"product_cat","embeddable":true,"href":"https:\/\/jlcreations.be\/fr\/wp-json\/wp\/v2\/product_cat?post=1263"},{"taxonomy":"product_tag","embeddable":true,"href":"https:\/\/jlcreations.be\/fr\/wp-json\/wp\/v2\/product_tag?post=1263"}],"curies":[{"name":"wp","href":"https:\/\/api.w.org\/{rel}","templated":true}]}}