{"id":952,"date":"2021-01-29T16:31:20","date_gmt":"2021-01-29T15:31:20","guid":{"rendered":"https:\/\/jlcreations.be\/politique-de-confidentialite-et-de-cookies\/"},"modified":"2021-05-21T10:10:22","modified_gmt":"2021-05-21T08:10:22","slug":"politique-de-confidentialite-et-de-cookies","status":"publish","type":"page","link":"https:\/\/jlcreations.be\/fr\/politique-de-confidentialite-et-de-cookies\/","title":{"rendered":"Politique de confidentialit\u00e9 &#038; de cookies"},"content":{"rendered":"<h2 class=\"wp-block-heading\">Politique de confidentialite<\/h2><p>Cette page d\u00e9crit la politique appliqu\u00e9e sur le site Web de mme Jo\u00eblle Lallemant (www.jlcreations.be) concernant la confidentialit\u00e9 ainsi que le traitement de toutes les informations collect\u00e9es pendant ou \u00e0 la suite de votre visite sur ce site Web.<\/p><p><strong>Finalit\u00e9 du traitement des donn\u00e9es personnelles<\/strong>&#13;\n&#13;\n<strong>\u00a0<\/strong><\/p><p>Lors de votre enregistrement sur ce site et \/ ou en passant une commande, un certain nombre de donn\u00e9es personnelles vous seront demand\u00e9es. Ces donn\u00e9es personnelles sont n\u00e9cessaires au bon fonctionnement de la boutique en ligne, comme le traitement de votre commande, la correspondance avec vous, &#8230;  Les donn\u00e9es sont utilis\u00e9es pour \u00eatre en mesure de fournir les biens et services que vous avez demand\u00e9s.<\/p><p><strong>Traitement des donn\u00e9es personnelles et les personnes ayant acc\u00e8s aux donn\u00e9es trait\u00e9es<\/strong>&#13;\n&#13;\n<strong>\u00a0<\/strong><\/p><p>Les donn\u00e9es fournies seront incluses dans les fichiers de JL creations. Les donn\u00e9es ne seront trait\u00e9es que dans la mesure o\u00f9 le traitement est n\u00e9cessaire \u00e0 l&#8217;ex\u00e9cution de l&#8217;accord que vous avez conclu avec Mme Joelle Lallemant pour JL creations<\/p><p>Nous pouvons combiner les informations que nous avons collect\u00e9es aupr\u00e8s de vous avec des informations que nous avons obtenues d&#8217;autres sources. Cela nous permet d&#8217;am\u00e9liorer l&#8217;exactitude et l&#8217;exhaustivit\u00e9 globales des informations et de mieux adapter nos interactions avec vous.<\/p><p>En outre, nous pouvons \u00e9galement collecter des informations relatives \u00e0 votre utilisation de nos sites Web. Nous utilisons pour cela diverses techniques, y compris les cookies.<\/p><p><strong>Partage des donn\u00e9es<\/strong>&#13;\n&#13;\n<strong>\u00a0<\/strong><\/p><p>Nous partageons vos donn\u00e9es personnelles avec votre consentement ou si n\u00e9cessaire pour effectuer une transaction ou livrer un produit que vous avez demand\u00e9.<\/p><p>Lorsque vous fournissez des informations de paiement pour effectuer un achat, nous partagerons les informations de paiement avec les banques et autres entit\u00e9s qui traitent les transactions de paiement ou fournissent d&#8217;autres services financiers pour la pr\u00e9vention de la fraude et la r\u00e9duction du risque de cr\u00e9dit.<\/p><p>Vos informations personnelles ne seront ni vendues, ni envoy\u00e9es \u00e0 des tiers, ni rendues publiques.<\/p><p>Mme Jo\u00eblle Lallemant  pour JL creations se r\u00e9serve le droit d&#8217;utiliser ou de divulguer vos donn\u00e9es, lorsque cela est n\u00e9cessaire pour prot\u00e9ger l&#8217;int\u00e9grit\u00e9 du site Web, lorsque la loi l&#8217;exige, lorsque le traitement est d&#8217;une importance vitale pour vous, lorsque le traitement doit avoir lieu afin d&#8217;effectuer une mission d&#8217;int\u00e9r\u00eat public ou lorsque le traitement des donn\u00e9es est n\u00e9cessaire pour poursuivre un int\u00e9r\u00eat l\u00e9gitime.<\/p><p><strong>Vos droits par rapport aux donn\u00e9es que nous collectons<\/strong>&#13;\n&#13;\n<strong>\u00a0<\/strong><\/p><p>Vos choix<\/p><ul class=\"wp-block-list\"><li>Vous pouvez nous faire savoir que vous ne souhaitez pas qu&#8217;elles soient utilis\u00e9es \u00e0 d&#8217;autres fins de marketing. Cela peut \u00eatre fait en nous contactant de la mani\u00e8re suivante :&#13;\n<a href=\"mailto:hello@jlcreations.be\">hello@jlcreations.be<\/a><\/li><\/ul><p>Nous r\u00e9pondrons \u00e0 votre demande dans un d\u00e9lai de 30 jours.<\/p><ul class=\"wp-block-list\"><li>Vous pouvez faire corriger des donn\u00e9es incorrectes ou faire supprimer gratuitement des donn\u00e9es incompl\u00e8tes, non pertinentes ou interdites. Cela peut \u00eatre fait en nous contactant de la mani\u00e8re suivante : <a href=\"mailto:hello@jlcreations.be\">hello@jlcreations.be<\/a> Vous pouvez faire corriger des donn\u00e9es incorrectes ou faire supprimer gratuitement des donn\u00e9es incompl\u00e8tes, non pertinentes ou interdites. Cela peut \u00eatre fait en nous contactant de la mani\u00e8re suivante :<\/li><li>Vous pouvez \u00e9galement d\u00e9sactiver l&#8217;utilisation de cookies dans votre navigateur.<\/li><li>Vous avez le droit de consulter et de corriger gratuitement vos donn\u00e9es.<\/li><\/ul><p><strong>Coordonn\u00e9es du processeur<\/strong>&#13;\n&#13;\n<strong>\u00a0<\/strong><\/p><p>Jo\u00eblle Lallemant<br\/><a href=\"mailto:hello@jlcreations.be\">hello@jlcreations.be<\/a><\/p><h2 class=\"wp-block-heading\"><strong>Cookies<\/strong><\/h2><p>Les cookies sont de petits fichiers qui sont temporairement stock\u00e9s sur votre disque dur via le site Web. Ces petits fichiers facilitent la navigation et contribuent grandement \u00e0 la facilit\u00e9 d\u2019utilisation du site.<\/p><p>Si vous souhaitez \u00eatre averti par le navigateur lorsqu&#8217;un cookie est envoy\u00e9, vous pouvez ajuster les param\u00e8tres de votre navigateur.<\/p><p>Si vous ne souhaitez pas recevoir de cookies, vous pouvez choisir <em>\u00ab ne pas accepter les cookies \u00bb <\/em>dans les param\u00e8tres de votre navigateur. Vous ne recevrez alors plus de cookies. Cependant, cela peut entra\u00eener une perte de fonctionnalit\u00e9 et une perte de facilit\u00e9 d\u2019utilisation du site Web.<\/p><p><strong>Liens vers d&#8217;autres sites Web<\/strong>&#13;\n&#13;\n<strong>\u00a0<\/strong><\/p><p>Les liens inclus sur le site Web sont \u00e0 titre informatif uniquement. Malgr\u00e9 un contr\u00f4le minutieux du contenu, aucune responsabilit\u00e9 n&#8217;est accept\u00e9e, ni pour le contenu des liens externes, ni pour le respect d&#8217;une politique de confidentialit\u00e9 identique \u00e0 celle d\u00e9finie ici. Lors de la saisie des liens externes, il est pr\u00e9f\u00e9rable de lire la politique de confidentialit\u00e9 du site Web concern\u00e9.<\/p>","protected":false},"excerpt":{"rendered":"<p>Politique de confidentialite Cette page d\u00e9crit la politique appliqu\u00e9e sur le site Web de mme Jo\u00eblle Lallemant (www.jlcreations.be) concernant la confidentialit\u00e9 ainsi que le traitement de toutes les informations collect\u00e9es pendant ou \u00e0 la suite de votre visite sur ce site Web. Finalit\u00e9 du traitement des donn\u00e9es personnelles&#13; &#13; \u00a0 Lors de votre enregistrement sur&hellip;&nbsp;<a href=\"https:\/\/jlcreations.be\/fr\/politique-de-confidentialite-et-de-cookies\/\" rel=\"bookmark\">Lire la suite &raquo;<span class=\"screen-reader-text\">Politique de confidentialit\u00e9 &#038; de cookies<\/span><\/a><\/p>\n","protected":false},"author":5,"featured_media":0,"parent":0,"menu_order":0,"comment_status":"closed","ping_status":"closed","template":"","meta":{"neve_meta_sidebar":"full-width","neve_meta_container":"","neve_meta_enable_content_width":"on","neve_meta_content_width":100,"neve_meta_title_alignment":"","neve_meta_author_avatar":"","neve_post_elements_order":"","neve_meta_disable_header":"","neve_meta_disable_footer":"","neve_meta_disable_title":"","footnotes":""},"class_list":["post-952","page","type-page","status-publish","hentry"],"yoast_head":"<!-- This site is optimized with the Yoast SEO plugin v24.2 - https:\/\/yoast.com\/wordpress\/plugins\/seo\/ -->\n<title>Politique de confidentialit\u00e9 &amp; de cookies - JL creations<\/title>\n<meta name=\"robots\" content=\"index, follow, max-snippet:-1, max-image-preview:large, max-video-preview:-1\" \/>\n<link rel=\"canonical\" href=\"https:\/\/jlcreations.be\/fr\/politique-de-confidentialite-et-de-cookies\/\" \/>\n<meta property=\"og:locale\" content=\"fr_FR\" \/>\n<meta property=\"og:type\" content=\"article\" \/>\n<meta property=\"og:title\" content=\"Politique de confidentialit\u00e9 &amp; de cookies - JL creations\" \/>\n<meta property=\"og:description\" content=\"Politique de confidentialite Cette page d\u00e9crit la politique appliqu\u00e9e sur le site Web de mme Jo\u00eblle Lallemant (www.jlcreations.be) concernant la confidentialit\u00e9 ainsi que le traitement de toutes les informations collect\u00e9es pendant ou \u00e0 la suite de votre visite sur ce site Web. Finalit\u00e9 du traitement des donn\u00e9es personnelles&#013; &#013; \u00a0 Lors de votre enregistrement sur&hellip;&nbsp;Lire la suite &raquo;Politique de confidentialit\u00e9 &#038; de cookies\" \/>\n<meta property=\"og:url\" content=\"https:\/\/jlcreations.be\/fr\/politique-de-confidentialite-et-de-cookies\/\" \/>\n<meta property=\"og:site_name\" content=\"JL creations\" \/>\n<meta property=\"article:publisher\" content=\"https:\/\/m.facebook.com\/JLcreationsBelgium\/\" \/>\n<meta property=\"article:modified_time\" content=\"2021-05-21T08:10:22+00:00\" \/>\n<meta name=\"twitter:card\" content=\"summary_large_image\" \/>\n<meta name=\"twitter:label1\" content=\"Dur\u00e9e de lecture estim\u00e9e\" \/>\n\t<meta name=\"twitter:data1\" content=\"4 minutes\" \/>\n<script type=\"application\/ld+json\" class=\"yoast-schema-graph\">{\"@context\":\"https:\/\/schema.org\",\"@graph\":[{\"@type\":\"WebPage\",\"@id\":\"https:\/\/jlcreations.be\/fr\/politique-de-confidentialite-et-de-cookies\/\",\"url\":\"https:\/\/jlcreations.be\/fr\/politique-de-confidentialite-et-de-cookies\/\",\"name\":\"Politique de confidentialit\u00e9 & de cookies - JL creations\",\"isPartOf\":{\"@id\":\"https:\/\/jlcreations.be\/fr\/#website\"},\"datePublished\":\"2021-01-29T15:31:20+00:00\",\"dateModified\":\"2021-05-21T08:10:22+00:00\",\"breadcrumb\":{\"@id\":\"https:\/\/jlcreations.be\/fr\/politique-de-confidentialite-et-de-cookies\/#breadcrumb\"},\"inLanguage\":\"fr-FR\",\"potentialAction\":[{\"@type\":\"ReadAction\",\"target\":[\"https:\/\/jlcreations.be\/fr\/politique-de-confidentialite-et-de-cookies\/\"]}]},{\"@type\":\"BreadcrumbList\",\"@id\":\"https:\/\/jlcreations.be\/fr\/politique-de-confidentialite-et-de-cookies\/#breadcrumb\",\"itemListElement\":[{\"@type\":\"ListItem\",\"position\":1,\"name\":\"Home\",\"item\":\"https:\/\/jlcreations.be\/fr\/\"},{\"@type\":\"ListItem\",\"position\":2,\"name\":\"Politique de confidentialit\u00e9 &#038; de cookies\"}]},{\"@type\":\"WebSite\",\"@id\":\"https:\/\/jlcreations.be\/fr\/#website\",\"url\":\"https:\/\/jlcreations.be\/fr\/\",\"name\":\"JL creations\",\"description\":\"Jewellery Design\",\"publisher\":{\"@id\":\"https:\/\/jlcreations.be\/fr\/#organization\"},\"potentialAction\":[{\"@type\":\"SearchAction\",\"target\":{\"@type\":\"EntryPoint\",\"urlTemplate\":\"https:\/\/jlcreations.be\/fr\/?s={search_term_string}\"},\"query-input\":{\"@type\":\"PropertyValueSpecification\",\"valueRequired\":true,\"valueName\":\"search_term_string\"}}],\"inLanguage\":\"fr-FR\"},{\"@type\":\"Organization\",\"@id\":\"https:\/\/jlcreations.be\/fr\/#organization\",\"name\":\"JL creations\",\"url\":\"https:\/\/jlcreations.be\/fr\/\",\"logo\":{\"@type\":\"ImageObject\",\"inLanguage\":\"fr-FR\",\"@id\":\"https:\/\/jlcreations.be\/fr\/#\/schema\/logo\/image\/\",\"url\":\"https:\/\/jlcreations.be\/wp-content\/uploads\/2019\/12\/Logo-JLcreations-light-3-e1575573488450.jpg\",\"contentUrl\":\"https:\/\/jlcreations.be\/wp-content\/uploads\/2019\/12\/Logo-JLcreations-light-3-e1575573488450.jpg\",\"width\":150,\"height\":150,\"caption\":\"JL creations\"},\"image\":{\"@id\":\"https:\/\/jlcreations.be\/fr\/#\/schema\/logo\/image\/\"},\"sameAs\":[\"https:\/\/m.facebook.com\/JLcreationsBelgium\/\",\"https:\/\/www.instagram.com\/jl_creation_s\/\"]}]}<\/script>\n<!-- \/ Yoast SEO plugin. -->","yoast_head_json":{"title":"Politique de confidentialit\u00e9 & de cookies - JL creations","robots":{"index":"index","follow":"follow","max-snippet":"max-snippet:-1","max-image-preview":"max-image-preview:large","max-video-preview":"max-video-preview:-1"},"canonical":"https:\/\/jlcreations.be\/fr\/politique-de-confidentialite-et-de-cookies\/","og_locale":"fr_FR","og_type":"article","og_title":"Politique de confidentialit\u00e9 & de cookies - JL creations","og_description":"Politique de confidentialite Cette page d\u00e9crit la politique appliqu\u00e9e sur le site Web de mme Jo\u00eblle Lallemant (www.jlcreations.be) concernant la confidentialit\u00e9 ainsi que le traitement de toutes les informations collect\u00e9es pendant ou \u00e0 la suite de votre visite sur ce site Web. Finalit\u00e9 du traitement des donn\u00e9es personnelles&#13; &#13; \u00a0 Lors de votre enregistrement sur&hellip;&nbsp;Lire la suite &raquo;Politique de confidentialit\u00e9 &#038; de cookies","og_url":"https:\/\/jlcreations.be\/fr\/politique-de-confidentialite-et-de-cookies\/","og_site_name":"JL creations","article_publisher":"https:\/\/m.facebook.com\/JLcreationsBelgium\/","article_modified_time":"2021-05-21T08:10:22+00:00","twitter_card":"summary_large_image","twitter_misc":{"Dur\u00e9e de lecture estim\u00e9e":"4 minutes"},"schema":{"@context":"https:\/\/schema.org","@graph":[{"@type":"WebPage","@id":"https:\/\/jlcreations.be\/fr\/politique-de-confidentialite-et-de-cookies\/","url":"https:\/\/jlcreations.be\/fr\/politique-de-confidentialite-et-de-cookies\/","name":"Politique de confidentialit\u00e9 & de cookies - JL creations","isPartOf":{"@id":"https:\/\/jlcreations.be\/fr\/#website"},"datePublished":"2021-01-29T15:31:20+00:00","dateModified":"2021-05-21T08:10:22+00:00","breadcrumb":{"@id":"https:\/\/jlcreations.be\/fr\/politique-de-confidentialite-et-de-cookies\/#breadcrumb"},"inLanguage":"fr-FR","potentialAction":[{"@type":"ReadAction","target":["https:\/\/jlcreations.be\/fr\/politique-de-confidentialite-et-de-cookies\/"]}]},{"@type":"BreadcrumbList","@id":"https:\/\/jlcreations.be\/fr\/politique-de-confidentialite-et-de-cookies\/#breadcrumb","itemListElement":[{"@type":"ListItem","position":1,"name":"Home","item":"https:\/\/jlcreations.be\/fr\/"},{"@type":"ListItem","position":2,"name":"Politique de confidentialit\u00e9 &#038; de cookies"}]},{"@type":"WebSite","@id":"https:\/\/jlcreations.be\/fr\/#website","url":"https:\/\/jlcreations.be\/fr\/","name":"JL creations","description":"Jewellery Design","publisher":{"@id":"https:\/\/jlcreations.be\/fr\/#organization"},"potentialAction":[{"@type":"SearchAction","target":{"@type":"EntryPoint","urlTemplate":"https:\/\/jlcreations.be\/fr\/?s={search_term_string}"},"query-input":{"@type":"PropertyValueSpecification","valueRequired":true,"valueName":"search_term_string"}}],"inLanguage":"fr-FR"},{"@type":"Organization","@id":"https:\/\/jlcreations.be\/fr\/#organization","name":"JL creations","url":"https:\/\/jlcreations.be\/fr\/","logo":{"@type":"ImageObject","inLanguage":"fr-FR","@id":"https:\/\/jlcreations.be\/fr\/#\/schema\/logo\/image\/","url":"https:\/\/jlcreations.be\/wp-content\/uploads\/2019\/12\/Logo-JLcreations-light-3-e1575573488450.jpg","contentUrl":"https:\/\/jlcreations.be\/wp-content\/uploads\/2019\/12\/Logo-JLcreations-light-3-e1575573488450.jpg","width":150,"height":150,"caption":"JL creations"},"image":{"@id":"https:\/\/jlcreations.be\/fr\/#\/schema\/logo\/image\/"},"sameAs":["https:\/\/m.facebook.com\/JLcreationsBelgium\/","https:\/\/www.instagram.com\/jl_creation_s\/"]}]}},"_links":{"self":[{"href":"https:\/\/jlcreations.be\/fr\/wp-json\/wp\/v2\/pages\/952","targetHints":{"allow":["GET"]}}],"collection":[{"href":"https:\/\/jlcreations.be\/fr\/wp-json\/wp\/v2\/pages"}],"about":[{"href":"https:\/\/jlcreations.be\/fr\/wp-json\/wp\/v2\/types\/page"}],"author":[{"embeddable":true,"href":"https:\/\/jlcreations.be\/fr\/wp-json\/wp\/v2\/users\/5"}],"replies":[{"embeddable":true,"href":"https:\/\/jlcreations.be\/fr\/wp-json\/wp\/v2\/comments?post=952"}],"version-history":[{"count":6,"href":"https:\/\/jlcreations.be\/fr\/wp-json\/wp\/v2\/pages\/952\/revisions"}],"predecessor-version":[{"id":1312,"href":"https:\/\/jlcreations.be\/fr\/wp-json\/wp\/v2\/pages\/952\/revisions\/1312"}],"wp:attachment":[{"href":"https:\/\/jlcreations.be\/fr\/wp-json\/wp\/v2\/media?parent=952"}],"curies":[{"name":"wp","href":"https:\/\/api.w.org\/{rel}","templated":true}]}}