{"id":828,"date":"2021-01-06T17:17:37","date_gmt":"2021-01-06T16:17:37","guid":{"rendered":"https:\/\/jlcreations.be\/?page_id=828"},"modified":"2021-01-06T20:05:21","modified_gmt":"2021-01-06T19:05:21","slug":"joelle","status":"publish","type":"page","link":"https:\/\/jlcreations.be\/fr\/joelle\/","title":{"rendered":"Jo\u00eblle"},"content":{"rendered":"<div class=\"wp-block-image\"><figure class=\"alignright size-large is-resized\"><img loading=\"lazy\" decoding=\"async\" src=\"https:\/\/jlcreations.be\/wp-content\/uploads\/2020\/01\/IMG_5263-2-576x1024.jpg\" alt=\"Cr&#xE9;ateur de bijoux Jo&#xEB;lle\" class=\"wp-image-704\" width=\"432\" height=\"768\" srcset=\"https:\/\/jlcreations.be\/wp-content\/uploads\/2020\/01\/IMG_5263-2-576x1024.jpg 576w, https:\/\/jlcreations.be\/wp-content\/uploads\/2020\/01\/IMG_5263-2-600x1067.jpg 600w, https:\/\/jlcreations.be\/wp-content\/uploads\/2020\/01\/IMG_5263-2-169x300.jpg 169w, https:\/\/jlcreations.be\/wp-content\/uploads\/2020\/01\/IMG_5263-2.jpg 675w\" sizes=\"auto, (max-width: 432px) 100vw, 432px\" \/><\/figure><\/div><p class=\"has-drop-cap\">Jo\u00eblle est cr\u00e9atrice de bijoux.  Dans la vraie vie, elle est employ\u00e9e, mais c\u2019est dans la cr\u00e9ation qu\u2019elle d\u00e9ploie son imagination.<\/p><p>Depuis toute petite, Jo\u00eblle est passionn\u00e9e par la nature, captiv\u00e9e par les fleurs, amoureuse du rose et fascin\u00e9e par tout ce qui brille.<\/p><p>De ces 4 rep\u00e8res, elle en a fait JL creations, o\u00f9 elle imagine et r\u00e9alise des bijoux en mati\u00e8res nobles et pierres (semi-)pr\u00e9cieuses.<\/p><p>Au travers de ses diff\u00e9rentes collections, ou lors d\u2019une demande toute personnelle, elle vous plonge dans son univers unique et \u00e9l\u00e9gant.<\/p>","protected":false},"excerpt":{"rendered":"<p>Jo\u00eblle est cr\u00e9atrice de bijoux. Dans la vraie vie, elle est employ\u00e9e, mais c\u2019est dans la cr\u00e9ation qu\u2019elle d\u00e9ploie son imagination. Depuis toute petite, Jo\u00eblle est passionn\u00e9e par la nature, captiv\u00e9e par les fleurs, amoureuse du rose et fascin\u00e9e par tout ce qui brille. De ces 4 rep\u00e8res, elle en a fait JL creations, o\u00f9&hellip;&nbsp;<a href=\"https:\/\/jlcreations.be\/fr\/joelle\/\" rel=\"bookmark\">Lire la suite &raquo;<span class=\"screen-reader-text\">Jo\u00eblle<\/span><\/a><\/p>\n","protected":false},"author":5,"featured_media":0,"parent":0,"menu_order":0,"comment_status":"closed","ping_status":"closed","template":"","meta":{"neve_meta_sidebar":"full-width","neve_meta_container":"","neve_meta_enable_content_width":"on","neve_meta_content_width":100,"neve_meta_title_alignment":"","neve_meta_author_avatar":"","neve_post_elements_order":"","neve_meta_disable_header":"","neve_meta_disable_footer":"","neve_meta_disable_title":"","footnotes":""},"class_list":["post-828","page","type-page","status-publish","hentry"],"yoast_head":"<!-- This site is optimized with the Yoast SEO plugin v24.2 - https:\/\/yoast.com\/wordpress\/plugins\/seo\/ -->\n<title>Jo\u00eblle - JL creations<\/title>\n<meta name=\"robots\" content=\"index, follow, max-snippet:-1, max-image-preview:large, max-video-preview:-1\" \/>\n<link rel=\"canonical\" href=\"https:\/\/jlcreations.be\/fr\/joelle\/\" \/>\n<meta property=\"og:locale\" content=\"fr_FR\" \/>\n<meta property=\"og:type\" content=\"article\" \/>\n<meta property=\"og:title\" content=\"Jo\u00eblle - JL creations\" \/>\n<meta property=\"og:description\" content=\"Jo\u00eblle est cr\u00e9atrice de bijoux. Dans la vraie vie, elle est employ\u00e9e, mais c\u2019est dans la cr\u00e9ation qu\u2019elle d\u00e9ploie son imagination. Depuis toute petite, Jo\u00eblle est passionn\u00e9e par la nature, captiv\u00e9e par les fleurs, amoureuse du rose et fascin\u00e9e par tout ce qui brille. De ces 4 rep\u00e8res, elle en a fait JL creations, o\u00f9&hellip;&nbsp;Lire la suite &raquo;Jo\u00eblle\" \/>\n<meta property=\"og:url\" content=\"https:\/\/jlcreations.be\/fr\/joelle\/\" \/>\n<meta property=\"og:site_name\" content=\"JL creations\" \/>\n<meta property=\"article:publisher\" content=\"https:\/\/m.facebook.com\/JLcreationsBelgium\/\" \/>\n<meta property=\"article:modified_time\" content=\"2021-01-06T19:05:21+00:00\" \/>\n<meta property=\"og:image\" content=\"https:\/\/jlcreations.be\/wp-content\/uploads\/2020\/01\/IMG_5263-2.jpg\" \/>\n\t<meta property=\"og:image:width\" content=\"675\" \/>\n\t<meta property=\"og:image:height\" content=\"1200\" \/>\n\t<meta property=\"og:image:type\" content=\"image\/jpeg\" \/>\n<meta name=\"twitter:card\" content=\"summary_large_image\" \/>\n<meta name=\"twitter:label1\" content=\"Dur\u00e9e de lecture estim\u00e9e\" \/>\n\t<meta name=\"twitter:data1\" content=\"1 minute\" \/>\n<script type=\"application\/ld+json\" class=\"yoast-schema-graph\">{\"@context\":\"https:\/\/schema.org\",\"@graph\":[{\"@type\":\"WebPage\",\"@id\":\"https:\/\/jlcreations.be\/fr\/joelle\/\",\"url\":\"https:\/\/jlcreations.be\/fr\/joelle\/\",\"name\":\"Jo\u00eblle - JL creations\",\"isPartOf\":{\"@id\":\"https:\/\/jlcreations.be\/fr\/#website\"},\"primaryImageOfPage\":{\"@id\":\"https:\/\/jlcreations.be\/fr\/joelle\/#primaryimage\"},\"image\":{\"@id\":\"https:\/\/jlcreations.be\/fr\/joelle\/#primaryimage\"},\"thumbnailUrl\":\"https:\/\/jlcreations.be\/wp-content\/uploads\/2020\/01\/IMG_5263-2-576x1024.jpg\",\"datePublished\":\"2021-01-06T16:17:37+00:00\",\"dateModified\":\"2021-01-06T19:05:21+00:00\",\"breadcrumb\":{\"@id\":\"https:\/\/jlcreations.be\/fr\/joelle\/#breadcrumb\"},\"inLanguage\":\"fr-FR\",\"potentialAction\":[{\"@type\":\"ReadAction\",\"target\":[\"https:\/\/jlcreations.be\/fr\/joelle\/\"]}]},{\"@type\":\"ImageObject\",\"inLanguage\":\"fr-FR\",\"@id\":\"https:\/\/jlcreations.be\/fr\/joelle\/#primaryimage\",\"url\":\"https:\/\/jlcreations.be\/wp-content\/uploads\/2020\/01\/IMG_5263-2-576x1024.jpg\",\"contentUrl\":\"https:\/\/jlcreations.be\/wp-content\/uploads\/2020\/01\/IMG_5263-2-576x1024.jpg\"},{\"@type\":\"BreadcrumbList\",\"@id\":\"https:\/\/jlcreations.be\/fr\/joelle\/#breadcrumb\",\"itemListElement\":[{\"@type\":\"ListItem\",\"position\":1,\"name\":\"Home\",\"item\":\"https:\/\/jlcreations.be\/fr\/\"},{\"@type\":\"ListItem\",\"position\":2,\"name\":\"Jo\u00eblle\"}]},{\"@type\":\"WebSite\",\"@id\":\"https:\/\/jlcreations.be\/fr\/#website\",\"url\":\"https:\/\/jlcreations.be\/fr\/\",\"name\":\"JL creations\",\"description\":\"Jewellery Design\",\"publisher\":{\"@id\":\"https:\/\/jlcreations.be\/fr\/#organization\"},\"potentialAction\":[{\"@type\":\"SearchAction\",\"target\":{\"@type\":\"EntryPoint\",\"urlTemplate\":\"https:\/\/jlcreations.be\/fr\/?s={search_term_string}\"},\"query-input\":{\"@type\":\"PropertyValueSpecification\",\"valueRequired\":true,\"valueName\":\"search_term_string\"}}],\"inLanguage\":\"fr-FR\"},{\"@type\":\"Organization\",\"@id\":\"https:\/\/jlcreations.be\/fr\/#organization\",\"name\":\"JL creations\",\"url\":\"https:\/\/jlcreations.be\/fr\/\",\"logo\":{\"@type\":\"ImageObject\",\"inLanguage\":\"fr-FR\",\"@id\":\"https:\/\/jlcreations.be\/fr\/#\/schema\/logo\/image\/\",\"url\":\"https:\/\/jlcreations.be\/wp-content\/uploads\/2019\/12\/Logo-JLcreations-light-3-e1575573488450.jpg\",\"contentUrl\":\"https:\/\/jlcreations.be\/wp-content\/uploads\/2019\/12\/Logo-JLcreations-light-3-e1575573488450.jpg\",\"width\":150,\"height\":150,\"caption\":\"JL creations\"},\"image\":{\"@id\":\"https:\/\/jlcreations.be\/fr\/#\/schema\/logo\/image\/\"},\"sameAs\":[\"https:\/\/m.facebook.com\/JLcreationsBelgium\/\",\"https:\/\/www.instagram.com\/jl_creation_s\/\"]}]}<\/script>\n<!-- \/ Yoast SEO plugin. -->","yoast_head_json":{"title":"Jo\u00eblle - JL creations","robots":{"index":"index","follow":"follow","max-snippet":"max-snippet:-1","max-image-preview":"max-image-preview:large","max-video-preview":"max-video-preview:-1"},"canonical":"https:\/\/jlcreations.be\/fr\/joelle\/","og_locale":"fr_FR","og_type":"article","og_title":"Jo\u00eblle - JL creations","og_description":"Jo\u00eblle est cr\u00e9atrice de bijoux. Dans la vraie vie, elle est employ\u00e9e, mais c\u2019est dans la cr\u00e9ation qu\u2019elle d\u00e9ploie son imagination. Depuis toute petite, Jo\u00eblle est passionn\u00e9e par la nature, captiv\u00e9e par les fleurs, amoureuse du rose et fascin\u00e9e par tout ce qui brille. De ces 4 rep\u00e8res, elle en a fait JL creations, o\u00f9&hellip;&nbsp;Lire la suite &raquo;Jo\u00eblle","og_url":"https:\/\/jlcreations.be\/fr\/joelle\/","og_site_name":"JL creations","article_publisher":"https:\/\/m.facebook.com\/JLcreationsBelgium\/","article_modified_time":"2021-01-06T19:05:21+00:00","og_image":[{"width":675,"height":1200,"url":"https:\/\/jlcreations.be\/wp-content\/uploads\/2020\/01\/IMG_5263-2.jpg","type":"image\/jpeg"}],"twitter_card":"summary_large_image","twitter_misc":{"Dur\u00e9e de lecture estim\u00e9e":"1 minute"},"schema":{"@context":"https:\/\/schema.org","@graph":[{"@type":"WebPage","@id":"https:\/\/jlcreations.be\/fr\/joelle\/","url":"https:\/\/jlcreations.be\/fr\/joelle\/","name":"Jo\u00eblle - JL creations","isPartOf":{"@id":"https:\/\/jlcreations.be\/fr\/#website"},"primaryImageOfPage":{"@id":"https:\/\/jlcreations.be\/fr\/joelle\/#primaryimage"},"image":{"@id":"https:\/\/jlcreations.be\/fr\/joelle\/#primaryimage"},"thumbnailUrl":"https:\/\/jlcreations.be\/wp-content\/uploads\/2020\/01\/IMG_5263-2-576x1024.jpg","datePublished":"2021-01-06T16:17:37+00:00","dateModified":"2021-01-06T19:05:21+00:00","breadcrumb":{"@id":"https:\/\/jlcreations.be\/fr\/joelle\/#breadcrumb"},"inLanguage":"fr-FR","potentialAction":[{"@type":"ReadAction","target":["https:\/\/jlcreations.be\/fr\/joelle\/"]}]},{"@type":"ImageObject","inLanguage":"fr-FR","@id":"https:\/\/jlcreations.be\/fr\/joelle\/#primaryimage","url":"https:\/\/jlcreations.be\/wp-content\/uploads\/2020\/01\/IMG_5263-2-576x1024.jpg","contentUrl":"https:\/\/jlcreations.be\/wp-content\/uploads\/2020\/01\/IMG_5263-2-576x1024.jpg"},{"@type":"BreadcrumbList","@id":"https:\/\/jlcreations.be\/fr\/joelle\/#breadcrumb","itemListElement":[{"@type":"ListItem","position":1,"name":"Home","item":"https:\/\/jlcreations.be\/fr\/"},{"@type":"ListItem","position":2,"name":"Jo\u00eblle"}]},{"@type":"WebSite","@id":"https:\/\/jlcreations.be\/fr\/#website","url":"https:\/\/jlcreations.be\/fr\/","name":"JL creations","description":"Jewellery Design","publisher":{"@id":"https:\/\/jlcreations.be\/fr\/#organization"},"potentialAction":[{"@type":"SearchAction","target":{"@type":"EntryPoint","urlTemplate":"https:\/\/jlcreations.be\/fr\/?s={search_term_string}"},"query-input":{"@type":"PropertyValueSpecification","valueRequired":true,"valueName":"search_term_string"}}],"inLanguage":"fr-FR"},{"@type":"Organization","@id":"https:\/\/jlcreations.be\/fr\/#organization","name":"JL creations","url":"https:\/\/jlcreations.be\/fr\/","logo":{"@type":"ImageObject","inLanguage":"fr-FR","@id":"https:\/\/jlcreations.be\/fr\/#\/schema\/logo\/image\/","url":"https:\/\/jlcreations.be\/wp-content\/uploads\/2019\/12\/Logo-JLcreations-light-3-e1575573488450.jpg","contentUrl":"https:\/\/jlcreations.be\/wp-content\/uploads\/2019\/12\/Logo-JLcreations-light-3-e1575573488450.jpg","width":150,"height":150,"caption":"JL creations"},"image":{"@id":"https:\/\/jlcreations.be\/fr\/#\/schema\/logo\/image\/"},"sameAs":["https:\/\/m.facebook.com\/JLcreationsBelgium\/","https:\/\/www.instagram.com\/jl_creation_s\/"]}]}},"_links":{"self":[{"href":"https:\/\/jlcreations.be\/fr\/wp-json\/wp\/v2\/pages\/828","targetHints":{"allow":["GET"]}}],"collection":[{"href":"https:\/\/jlcreations.be\/fr\/wp-json\/wp\/v2\/pages"}],"about":[{"href":"https:\/\/jlcreations.be\/fr\/wp-json\/wp\/v2\/types\/page"}],"author":[{"embeddable":true,"href":"https:\/\/jlcreations.be\/fr\/wp-json\/wp\/v2\/users\/5"}],"replies":[{"embeddable":true,"href":"https:\/\/jlcreations.be\/fr\/wp-json\/wp\/v2\/comments?post=828"}],"version-history":[{"count":5,"href":"https:\/\/jlcreations.be\/fr\/wp-json\/wp\/v2\/pages\/828\/revisions"}],"predecessor-version":[{"id":844,"href":"https:\/\/jlcreations.be\/fr\/wp-json\/wp\/v2\/pages\/828\/revisions\/844"}],"wp:attachment":[{"href":"https:\/\/jlcreations.be\/fr\/wp-json\/wp\/v2\/media?parent=828"}],"curies":[{"name":"wp","href":"https:\/\/api.w.org\/{rel}","templated":true}]}}