{"id":821,"date":"2021-01-06T17:10:24","date_gmt":"2021-01-06T16:10:24","guid":{"rendered":"https:\/\/jlcreations.be\/?page_id=821"},"modified":"2021-01-06T20:17:41","modified_gmt":"2021-01-06T19:17:41","slug":"accueil","status":"publish","type":"page","link":"https:\/\/jlcreations.be\/fr\/","title":{"rendered":"Accueil"},"content":{"rendered":"<p>Des bijoux imagin\u00e9s et cr\u00e9\u00e9s avec amour et passion, qui apportent cette petite touche de magie qui vous rend si unique.<\/p><p>A chaque bijou son histoire \u2026 votre histoire!<\/p><p><strong>#EveryJewelHasHisStory<\/strong><\/p><div class=\"wp-block-image\"><figure class=\"aligncenter size-full\"><img loading=\"lazy\" decoding=\"async\" width=\"1200\" height=\"786\" src=\"https:\/\/jlcreations.be\/wp-content\/uploads\/2020\/12\/Handgemaakte-juwelen.jpg\" alt=\"Bijoux faits &#xE0; la main\" class=\"wp-image-815\" srcset=\"https:\/\/jlcreations.be\/wp-content\/uploads\/2020\/12\/Handgemaakte-juwelen.jpg 1200w, https:\/\/jlcreations.be\/wp-content\/uploads\/2020\/12\/Handgemaakte-juwelen-300x197.jpg 300w, https:\/\/jlcreations.be\/wp-content\/uploads\/2020\/12\/Handgemaakte-juwelen-1024x671.jpg 1024w, https:\/\/jlcreations.be\/wp-content\/uploads\/2020\/12\/Handgemaakte-juwelen-768x503.jpg 768w, https:\/\/jlcreations.be\/wp-content\/uploads\/2020\/12\/Handgemaakte-juwelen-600x393.jpg 600w\" sizes=\"auto, (max-width: 1200px) 100vw, 1200px\" \/><\/figure><\/div><p><em>Dress by Melody Nelson Bridal<\/em><\/p><p><em>Picture by Massofocus Photography<\/em><\/p>","protected":false},"excerpt":{"rendered":"<p>Des bijoux imagin\u00e9s et cr\u00e9\u00e9s avec amour et passion, qui apportent cette petite touche de magie qui vous rend si unique. A chaque bijou son histoire \u2026 votre histoire! #EveryJewelHasHisStory Dress by Melody Nelson Bridal Picture by Massofocus Photography<\/p>\n","protected":false},"author":5,"featured_media":0,"parent":0,"menu_order":0,"comment_status":"closed","ping_status":"closed","template":"","meta":{"neve_meta_sidebar":"full-width","neve_meta_container":"","neve_meta_enable_content_width":"on","neve_meta_content_width":100,"neve_meta_title_alignment":"","neve_meta_author_avatar":"","neve_post_elements_order":"","neve_meta_disable_header":"","neve_meta_disable_footer":"","neve_meta_disable_title":"off","footnotes":""},"class_list":["post-821","page","type-page","status-publish","hentry"],"yoast_head":"<!-- This site is optimized with the Yoast SEO plugin v24.2 - https:\/\/yoast.com\/wordpress\/plugins\/seo\/ -->\n<title>Accueil - JL creations<\/title>\n<meta name=\"robots\" content=\"index, follow, max-snippet:-1, max-image-preview:large, max-video-preview:-1\" \/>\n<link rel=\"canonical\" href=\"https:\/\/jlcreations.be\/fr\/\" \/>\n<meta property=\"og:locale\" content=\"fr_FR\" \/>\n<meta property=\"og:type\" content=\"article\" \/>\n<meta property=\"og:title\" content=\"Accueil - JL creations\" \/>\n<meta property=\"og:description\" content=\"Des bijoux imagin\u00e9s et cr\u00e9\u00e9s avec amour et passion, qui apportent cette petite touche de magie qui vous rend si unique. A chaque bijou son histoire \u2026 votre histoire! #EveryJewelHasHisStory Dress by Melody Nelson Bridal Picture by Massofocus Photography\" \/>\n<meta property=\"og:url\" content=\"https:\/\/jlcreations.be\/fr\/\" \/>\n<meta property=\"og:site_name\" content=\"JL creations\" \/>\n<meta property=\"article:publisher\" content=\"https:\/\/m.facebook.com\/JLcreationsBelgium\/\" \/>\n<meta property=\"article:modified_time\" content=\"2021-01-06T19:17:41+00:00\" \/>\n<meta property=\"og:image\" content=\"https:\/\/jlcreations.be\/wp-content\/uploads\/2020\/12\/Handgemaakte-juwelen.jpg\" \/>\n\t<meta property=\"og:image:width\" content=\"1200\" \/>\n\t<meta property=\"og:image:height\" content=\"786\" \/>\n\t<meta property=\"og:image:type\" content=\"image\/jpeg\" \/>\n<meta name=\"twitter:card\" content=\"summary_large_image\" \/>\n<script type=\"application\/ld+json\" class=\"yoast-schema-graph\">{\"@context\":\"https:\/\/schema.org\",\"@graph\":[{\"@type\":\"WebPage\",\"@id\":\"https:\/\/jlcreations.be\/fr\/\",\"url\":\"https:\/\/jlcreations.be\/fr\/\",\"name\":\"Accueil - JL creations\",\"isPartOf\":{\"@id\":\"https:\/\/jlcreations.be\/fr\/#website\"},\"primaryImageOfPage\":{\"@id\":\"https:\/\/jlcreations.be\/fr\/#primaryimage\"},\"image\":{\"@id\":\"https:\/\/jlcreations.be\/fr\/#primaryimage\"},\"thumbnailUrl\":\"https:\/\/jlcreations.be\/wp-content\/uploads\/2020\/12\/Handgemaakte-juwelen.jpg\",\"datePublished\":\"2021-01-06T16:10:24+00:00\",\"dateModified\":\"2021-01-06T19:17:41+00:00\",\"breadcrumb\":{\"@id\":\"https:\/\/jlcreations.be\/fr\/#breadcrumb\"},\"inLanguage\":\"fr-FR\",\"potentialAction\":[{\"@type\":\"ReadAction\",\"target\":[\"https:\/\/jlcreations.be\/fr\/\"]}]},{\"@type\":\"ImageObject\",\"inLanguage\":\"fr-FR\",\"@id\":\"https:\/\/jlcreations.be\/fr\/#primaryimage\",\"url\":\"https:\/\/jlcreations.be\/wp-content\/uploads\/2020\/12\/Handgemaakte-juwelen.jpg\",\"contentUrl\":\"https:\/\/jlcreations.be\/wp-content\/uploads\/2020\/12\/Handgemaakte-juwelen.jpg\"},{\"@type\":\"BreadcrumbList\",\"@id\":\"https:\/\/jlcreations.be\/fr\/#breadcrumb\",\"itemListElement\":[{\"@type\":\"ListItem\",\"position\":1,\"name\":\"Home\",\"item\":\"https:\/\/jlcreations.be\/fr\/\"},{\"@type\":\"ListItem\",\"position\":2,\"name\":\"Accueil\"}]},{\"@type\":\"WebSite\",\"@id\":\"https:\/\/jlcreations.be\/fr\/#website\",\"url\":\"https:\/\/jlcreations.be\/fr\/\",\"name\":\"JL creations\",\"description\":\"Jewellery Design\",\"publisher\":{\"@id\":\"https:\/\/jlcreations.be\/fr\/#organization\"},\"potentialAction\":[{\"@type\":\"SearchAction\",\"target\":{\"@type\":\"EntryPoint\",\"urlTemplate\":\"https:\/\/jlcreations.be\/fr\/?s={search_term_string}\"},\"query-input\":{\"@type\":\"PropertyValueSpecification\",\"valueRequired\":true,\"valueName\":\"search_term_string\"}}],\"inLanguage\":\"fr-FR\"},{\"@type\":\"Organization\",\"@id\":\"https:\/\/jlcreations.be\/fr\/#organization\",\"name\":\"JL creations\",\"url\":\"https:\/\/jlcreations.be\/fr\/\",\"logo\":{\"@type\":\"ImageObject\",\"inLanguage\":\"fr-FR\",\"@id\":\"https:\/\/jlcreations.be\/fr\/#\/schema\/logo\/image\/\",\"url\":\"https:\/\/jlcreations.be\/wp-content\/uploads\/2019\/12\/Logo-JLcreations-light-3-e1575573488450.jpg\",\"contentUrl\":\"https:\/\/jlcreations.be\/wp-content\/uploads\/2019\/12\/Logo-JLcreations-light-3-e1575573488450.jpg\",\"width\":150,\"height\":150,\"caption\":\"JL creations\"},\"image\":{\"@id\":\"https:\/\/jlcreations.be\/fr\/#\/schema\/logo\/image\/\"},\"sameAs\":[\"https:\/\/m.facebook.com\/JLcreationsBelgium\/\",\"https:\/\/www.instagram.com\/jl_creation_s\/\"]}]}<\/script>\n<!-- \/ Yoast SEO plugin. -->","yoast_head_json":{"title":"Accueil - JL creations","robots":{"index":"index","follow":"follow","max-snippet":"max-snippet:-1","max-image-preview":"max-image-preview:large","max-video-preview":"max-video-preview:-1"},"canonical":"https:\/\/jlcreations.be\/fr\/","og_locale":"fr_FR","og_type":"article","og_title":"Accueil - JL creations","og_description":"Des bijoux imagin\u00e9s et cr\u00e9\u00e9s avec amour et passion, qui apportent cette petite touche de magie qui vous rend si unique. A chaque bijou son histoire \u2026 votre histoire! #EveryJewelHasHisStory Dress by Melody Nelson Bridal Picture by Massofocus Photography","og_url":"https:\/\/jlcreations.be\/fr\/","og_site_name":"JL creations","article_publisher":"https:\/\/m.facebook.com\/JLcreationsBelgium\/","article_modified_time":"2021-01-06T19:17:41+00:00","og_image":[{"width":1200,"height":786,"url":"https:\/\/jlcreations.be\/wp-content\/uploads\/2020\/12\/Handgemaakte-juwelen.jpg","type":"image\/jpeg"}],"twitter_card":"summary_large_image","schema":{"@context":"https:\/\/schema.org","@graph":[{"@type":"WebPage","@id":"https:\/\/jlcreations.be\/fr\/","url":"https:\/\/jlcreations.be\/fr\/","name":"Accueil - JL creations","isPartOf":{"@id":"https:\/\/jlcreations.be\/fr\/#website"},"primaryImageOfPage":{"@id":"https:\/\/jlcreations.be\/fr\/#primaryimage"},"image":{"@id":"https:\/\/jlcreations.be\/fr\/#primaryimage"},"thumbnailUrl":"https:\/\/jlcreations.be\/wp-content\/uploads\/2020\/12\/Handgemaakte-juwelen.jpg","datePublished":"2021-01-06T16:10:24+00:00","dateModified":"2021-01-06T19:17:41+00:00","breadcrumb":{"@id":"https:\/\/jlcreations.be\/fr\/#breadcrumb"},"inLanguage":"fr-FR","potentialAction":[{"@type":"ReadAction","target":["https:\/\/jlcreations.be\/fr\/"]}]},{"@type":"ImageObject","inLanguage":"fr-FR","@id":"https:\/\/jlcreations.be\/fr\/#primaryimage","url":"https:\/\/jlcreations.be\/wp-content\/uploads\/2020\/12\/Handgemaakte-juwelen.jpg","contentUrl":"https:\/\/jlcreations.be\/wp-content\/uploads\/2020\/12\/Handgemaakte-juwelen.jpg"},{"@type":"BreadcrumbList","@id":"https:\/\/jlcreations.be\/fr\/#breadcrumb","itemListElement":[{"@type":"ListItem","position":1,"name":"Home","item":"https:\/\/jlcreations.be\/fr\/"},{"@type":"ListItem","position":2,"name":"Accueil"}]},{"@type":"WebSite","@id":"https:\/\/jlcreations.be\/fr\/#website","url":"https:\/\/jlcreations.be\/fr\/","name":"JL creations","description":"Jewellery Design","publisher":{"@id":"https:\/\/jlcreations.be\/fr\/#organization"},"potentialAction":[{"@type":"SearchAction","target":{"@type":"EntryPoint","urlTemplate":"https:\/\/jlcreations.be\/fr\/?s={search_term_string}"},"query-input":{"@type":"PropertyValueSpecification","valueRequired":true,"valueName":"search_term_string"}}],"inLanguage":"fr-FR"},{"@type":"Organization","@id":"https:\/\/jlcreations.be\/fr\/#organization","name":"JL creations","url":"https:\/\/jlcreations.be\/fr\/","logo":{"@type":"ImageObject","inLanguage":"fr-FR","@id":"https:\/\/jlcreations.be\/fr\/#\/schema\/logo\/image\/","url":"https:\/\/jlcreations.be\/wp-content\/uploads\/2019\/12\/Logo-JLcreations-light-3-e1575573488450.jpg","contentUrl":"https:\/\/jlcreations.be\/wp-content\/uploads\/2019\/12\/Logo-JLcreations-light-3-e1575573488450.jpg","width":150,"height":150,"caption":"JL creations"},"image":{"@id":"https:\/\/jlcreations.be\/fr\/#\/schema\/logo\/image\/"},"sameAs":["https:\/\/m.facebook.com\/JLcreationsBelgium\/","https:\/\/www.instagram.com\/jl_creation_s\/"]}]}},"_links":{"self":[{"href":"https:\/\/jlcreations.be\/fr\/wp-json\/wp\/v2\/pages\/821","targetHints":{"allow":["GET"]}}],"collection":[{"href":"https:\/\/jlcreations.be\/fr\/wp-json\/wp\/v2\/pages"}],"about":[{"href":"https:\/\/jlcreations.be\/fr\/wp-json\/wp\/v2\/types\/page"}],"author":[{"embeddable":true,"href":"https:\/\/jlcreations.be\/fr\/wp-json\/wp\/v2\/users\/5"}],"replies":[{"embeddable":true,"href":"https:\/\/jlcreations.be\/fr\/wp-json\/wp\/v2\/comments?post=821"}],"version-history":[{"count":3,"href":"https:\/\/jlcreations.be\/fr\/wp-json\/wp\/v2\/pages\/821\/revisions"}],"predecessor-version":[{"id":848,"href":"https:\/\/jlcreations.be\/fr\/wp-json\/wp\/v2\/pages\/821\/revisions\/848"}],"wp:attachment":[{"href":"https:\/\/jlcreations.be\/fr\/wp-json\/wp\/v2\/media?parent=821"}],"curies":[{"name":"wp","href":"https:\/\/api.w.org\/{rel}","templated":true}]}}